{"id":38138,"date":"2022-09-28T15:03:56","date_gmt":"2022-09-28T15:03:56","guid":{"rendered":"https:\/\/metacline.com\/index.php\/elementor-33227-copy\/"},"modified":"2023-08-26T18:42:11","modified_gmt":"2023-08-26T18:42:11","slug":"elementor-33227-copy","status":"publish","type":"page","link":"https:\/\/metacline.com\/index.php\/elementor-33227-copy\/","title":{"rendered":"Inscripci\u00f3n Schools"},"content":{"rendered":"\t\t<div data-elementor-type=\"wp-page\" data-elementor-id=\"38138\" class=\"elementor elementor-38138\">\n\t\t\t\t\t\t<section class=\"elementor-section elementor-top-section elementor-element elementor-element-ee4ab3c elementor-section-boxed elementor-section-height-default elementor-section-height-default\" data-id=\"ee4ab3c\" data-element_type=\"section\">\n\t\t\t\t\t\t<div class=\"elementor-container elementor-column-gap-default\">\n\t\t\t\t\t<div class=\"elementor-column elementor-col-100 elementor-top-column elementor-element elementor-element-b7dd1e7\" data-id=\"b7dd1e7\" data-element_type=\"column\">\n\t\t\t<div class=\"elementor-widget-wrap elementor-element-populated\">\n\t\t\t\t\t\t<div class=\"elementor-element elementor-element-e3543b7 elementor-widget elementor-widget-spacer\" data-id=\"e3543b7\" data-element_type=\"widget\" data-widget_type=\"spacer.default\">\n\t\t\t\t<div class=\"elementor-widget-container\">\n\t\t\t\t\t\t\t<div class=\"elementor-spacer\">\n\t\t\t<div class=\"elementor-spacer-inner\"><\/div>\n\t\t<\/div>\n\t\t\t\t\t\t<\/div>\n\t\t\t\t<\/div>\n\t\t\t\t\t<\/div>\n\t\t<\/div>\n\t\t\t\t\t<\/div>\n\t\t<\/section>\n\t\t\t\t<section class=\"elementor-section elementor-top-section elementor-element elementor-element-e12b51c elementor-section-boxed elementor-section-height-default elementor-section-height-default\" data-id=\"e12b51c\" data-element_type=\"section\">\n\t\t\t\t\t\t<div class=\"elementor-container elementor-column-gap-default\">\n\t\t\t\t\t<div class=\"elementor-column elementor-col-100 elementor-top-column elementor-element elementor-element-7f7146f\" data-id=\"7f7146f\" data-element_type=\"column\">\n\t\t\t<div class=\"elementor-widget-wrap\">\n\t\t\t\t\t\t\t<\/div>\n\t\t<\/div>\n\t\t\t\t\t<\/div>\n\t\t<\/section>\n\t\t\t\t<section class=\"elementor-section elementor-top-section elementor-element elementor-element-4c251fd elementor-section-boxed elementor-section-height-default elementor-section-height-default\" data-id=\"4c251fd\" data-element_type=\"section\">\n\t\t\t\t\t\t<div class=\"elementor-container elementor-column-gap-default\">\n\t\t\t\t\t<div class=\"elementor-column elementor-col-100 elementor-top-column elementor-element elementor-element-70f3382\" data-id=\"70f3382\" data-element_type=\"column\">\n\t\t\t<div class=\"elementor-widget-wrap elementor-element-populated\">\n\t\t\t\t\t\t<div class=\"elementor-element elementor-element-0e0b0e7 elementor-widget elementor-widget-spacer\" data-id=\"0e0b0e7\" data-element_type=\"widget\" data-widget_type=\"spacer.default\">\n\t\t\t\t<div class=\"elementor-widget-container\">\n\t\t\t\t\t\t\t<div class=\"elementor-spacer\">\n\t\t\t<div class=\"elementor-spacer-inner\"><\/div>\n\t\t<\/div>\n\t\t\t\t\t\t<\/div>\n\t\t\t\t<\/div>\n\t\t\t\t\t<\/div>\n\t\t<\/div>\n\t\t\t\t\t<\/div>\n\t\t<\/section>\n\t\t\t\t<section class=\"elementor-section elementor-top-section elementor-element elementor-element-4f3d586 elementor-section-content-middle elementor-section-boxed elementor-section-height-default elementor-section-height-default\" data-id=\"4f3d586\" data-element_type=\"section\">\n\t\t\t\t\t\t<div class=\"elementor-container elementor-column-gap-no\">\n\t\t\t\t\t<div class=\"elementor-column elementor-col-100 elementor-top-column elementor-element elementor-element-3311af85\" data-id=\"3311af85\" data-element_type=\"column\" data-settings=\"{&quot;background_background&quot;:&quot;classic&quot;}\">\n\t\t\t<div class=\"elementor-widget-wrap elementor-element-populated\">\n\t\t\t\t\t<div class=\"elementor-background-overlay\"><\/div>\n\t\t\t\t\t\t<div class=\"elementor-element elementor-element-fc16a98 elementor-widget elementor-widget-heading\" data-id=\"fc16a98\" data-element_type=\"widget\" data-widget_type=\"heading.default\">\n\t\t\t\t<div class=\"elementor-widget-container\">\n\t\t\t\t\t<h2 class=\"elementor-heading-title elementor-size-default\">Inscription Form<\/h2>\t\t\t\t<\/div>\n\t\t\t\t<\/div>\n\t\t\t\t<div class=\"elementor-element elementor-element-202609b elementor-widget elementor-widget-heading\" data-id=\"202609b\" data-element_type=\"widget\" data-widget_type=\"heading.default\">\n\t\t\t\t<div class=\"elementor-widget-container\">\n\t\t\t\t\t<h5 class=\"elementor-heading-title elementor-size-default\">Convenios Educativos<\/h5>\t\t\t\t<\/div>\n\t\t\t\t<\/div>\n\t\t\t\t<div class=\"elementor-element elementor-element-44b1232 elementor-widget elementor-widget-spacer\" data-id=\"44b1232\" data-element_type=\"widget\" data-widget_type=\"spacer.default\">\n\t\t\t\t<div class=\"elementor-widget-container\">\n\t\t\t\t\t\t\t<div class=\"elementor-spacer\">\n\t\t\t<div class=\"elementor-spacer-inner\"><\/div>\n\t\t<\/div>\n\t\t\t\t\t\t<\/div>\n\t\t\t\t<\/div>\n\t\t\t\t<div class=\"elementor-element elementor-element-7f1e984 elementor-widget elementor-widget-wpforms\" data-id=\"7f1e984\" data-element_type=\"widget\" data-widget_type=\"wpforms.default\">\n\t\t\t\t<div class=\"elementor-widget-container\">\n\t\t\t\t\t<div class=\"wpforms-container wpforms-render-modern\" id=\"wpforms-38372\"><form id=\"wpforms-form-38372\" class=\"wpforms-validate wpforms-form\" data-formid=\"38372\" method=\"post\" enctype=\"multipart\/form-data\" action=\"\/index.php\/wp-json\/wp\/v2\/pages\/38138\" data-token=\"026a2efd0cff45618b963f9f64477508\" data-token-time=\"1776425502\"><noscript class=\"wpforms-error-noscript\">Please enable JavaScript in your browser to complete this form.<\/noscript><div class=\"wpforms-hidden\" id=\"wpforms-error-noscript\">Please enable JavaScript in your browser to complete this form.<\/div><div class=\"wpforms-field-container\"><div id=\"wpforms-38372-field_2-container\" class=\"wpforms-field wpforms-field-text\" data-field-id=\"2\"><label class=\"wpforms-field-label\" for=\"wpforms-38372-field_2\">Nombre Completo <span class=\"wpforms-required-label\" aria-hidden=\"true\">*<\/span><\/label><input type=\"text\" id=\"wpforms-38372-field_2\" class=\"wpforms-field-medium wpforms-field-required\" name=\"wpforms[fields][2]\" aria-errormessage=\"wpforms-38372-field_2-error\" required><\/div><div id=\"wpforms-38372-field_24-container\" class=\"wpforms-field wpforms-field-select wpforms-field-select-style-classic\" data-field-id=\"24\"><label class=\"wpforms-field-label\" for=\"wpforms-38372-field_24\">Edad<\/label><select id=\"wpforms-38372-field_24\" class=\"wpforms-field-medium\" name=\"wpforms[fields][24]\"><option value=\"4\" >4<\/option><option value=\"5\" >5<\/option><option value=\"6\" >6<\/option><option value=\"7\" >7<\/option><option value=\"8\" >8<\/option><option value=\"9\" >9<\/option><option value=\"10\" >10<\/option><option value=\"11\" >11<\/option><option value=\"12\" >12<\/option><option value=\"13\" >13<\/option><option value=\"14\" >14<\/option><option value=\"15\" >15<\/option><option value=\"16\" >16<\/option><option value=\"17\" >17<\/option><option value=\"18\" >18<\/option><option value=\"Mayor de18\" >Mayor de18<\/option><\/select><\/div><div id=\"wpforms-38372-field_27-container\" class=\"wpforms-field wpforms-field-text\" data-field-id=\"27\"><label class=\"wpforms-field-label\" for=\"wpforms-38372-field_27\">Acudiente Estudiantil (Si eres menor de edad)<\/label><input type=\"text\" id=\"wpforms-38372-field_27\" class=\"wpforms-field-medium\" name=\"wpforms[fields][27]\" aria-errormessage=\"wpforms-38372-field_27-error\" ><\/div><div id=\"wpforms-38372-field_5-container\" class=\"wpforms-field wpforms-field-email\" data-field-id=\"5\"><label class=\"wpforms-field-label\" for=\"wpforms-38372-field_5\">Email <span class=\"wpforms-required-label\" aria-hidden=\"true\">*<\/span><\/label><input type=\"email\" id=\"wpforms-38372-field_5\" class=\"wpforms-field-medium wpforms-field-required\" name=\"wpforms[fields][5]\" spellcheck=\"false\" aria-errormessage=\"wpforms-38372-field_5-error\" required><\/div><div id=\"wpforms-38372-field_35-container\" class=\"wpforms-field wpforms-field-email\" data-field-id=\"35\"><label class=\"wpforms-field-label\" for=\"wpforms-38372-field_35\">Email secundario <span class=\"wpforms-required-label\" aria-hidden=\"true\">*<\/span><\/label><input type=\"email\" id=\"wpforms-38372-field_35\" class=\"wpforms-field-medium wpforms-field-required\" name=\"wpforms[fields][35]\" spellcheck=\"false\" aria-errormessage=\"wpforms-38372-field_35-error\" required><\/div><div id=\"wpforms-38372-field_25-container\" class=\"wpforms-field wpforms-field-number\" data-field-id=\"25\"><label class=\"wpforms-field-label\" for=\"wpforms-38372-field_25\">N\u00famero de contacto WhatsApp<\/label><input type=\"number\" id=\"wpforms-38372-field_25\" class=\"wpforms-field-medium\" name=\"wpforms[fields][25]\" step=\"any\" aria-errormessage=\"wpforms-38372-field_25-error\" ><\/div><div id=\"wpforms-38372-field_17-container\" class=\"wpforms-field wpforms-field-select wpforms-field-select-style-classic\" data-field-id=\"17\"><label class=\"wpforms-field-label\" for=\"wpforms-38372-field_17\">Pais<\/label><select id=\"wpforms-38372-field_17\" class=\"wpforms-field-medium\" name=\"wpforms[fields][17]\"><option value=\"U.S\" >U.S<\/option><option value=\"Espa\u00f1a\" >Espa\u00f1a<\/option><option value=\"M\u00e9xico\" >M\u00e9xico<\/option><option value=\"Panam\u00e1\" >Panam\u00e1<\/option><option value=\"Colombia\" >Colombia<\/option><option value=\"Per\u00fa\" >Per\u00fa<\/option><option value=\"Ecuador\" >Ecuador<\/option><option value=\"Argentina\" >Argentina<\/option><option value=\"Chile\" >Chile<\/option><option value=\"Otro\" >Otro<\/option><\/select><\/div><div id=\"wpforms-38372-field_38-container\" class=\"wpforms-field wpforms-field-text\" data-field-id=\"38\"><label class=\"wpforms-field-label\" for=\"wpforms-38372-field_38\">Ciudad<\/label><input type=\"text\" id=\"wpforms-38372-field_38\" class=\"wpforms-field-medium\" name=\"wpforms[fields][38]\" aria-errormessage=\"wpforms-38372-field_38-error\" ><\/div><div id=\"wpforms-38372-field_21-container\" class=\"wpforms-field wpforms-field-radio\" data-field-id=\"21\"><fieldset><legend class=\"wpforms-field-label\">Tipo de Instituci\u00f3n<\/legend><ul id=\"wpforms-38372-field_21\"><li class=\"choice-1 depth-1\"><input type=\"radio\" id=\"wpforms-38372-field_21_1\" name=\"wpforms[fields][21]\" value=\"P\u00fablico\" aria-errormessage=\"wpforms-38372-field_21_1-error\"  ><label class=\"wpforms-field-label-inline\" for=\"wpforms-38372-field_21_1\">P\u00fablico<\/label><\/li><li class=\"choice-2 depth-1\"><input type=\"radio\" id=\"wpforms-38372-field_21_2\" name=\"wpforms[fields][21]\" value=\"Privada\" aria-errormessage=\"wpforms-38372-field_21_2-error\"  ><label class=\"wpforms-field-label-inline\" for=\"wpforms-38372-field_21_2\">Privada<\/label><\/li><li class=\"choice-3 depth-1\"><input type=\"radio\" id=\"wpforms-38372-field_21_3\" name=\"wpforms[fields][21]\" value=\"Otro\" aria-errormessage=\"wpforms-38372-field_21_3-error\"  ><label class=\"wpforms-field-label-inline\" for=\"wpforms-38372-field_21_3\">Otro<\/label><\/li><\/ul><\/fieldset><\/div><div id=\"wpforms-38372-field_41-container\" class=\"wpforms-field wpforms-field-select wpforms-field-select-style-classic\" data-field-id=\"41\"><label class=\"wpforms-field-label\" for=\"wpforms-38372-field_41\">Colegio<\/label><select id=\"wpforms-38372-field_41\" class=\"wpforms-field-medium\" name=\"wpforms[fields][41]\"><option value=\"Montessory\" >Montessory<\/option><option value=\"Claretiano\" >Claretiano<\/option><option value=\"Acac\u00edas\" >Acac\u00edas<\/option><option value=\"Hogar de Nazareth. Transferencia\" >Hogar de Nazareth. Transferencia<\/option><option value=\"Contralor\u00eda\" >Contralor\u00eda<\/option><\/select><\/div><div id=\"wpforms-38372-field_23-container\" class=\"wpforms-field wpforms-field-select wpforms-field-select-style-classic\" data-field-id=\"23\"><label class=\"wpforms-field-label\" for=\"wpforms-38372-field_23\">A\u00f1o lectivo<\/label><select id=\"wpforms-38372-field_23\" class=\"wpforms-field-medium\" name=\"wpforms[fields][23]\"><option value=\"Elemental \/ Primaria\" >Elemental \/ Primaria<\/option><option value=\"6\" >6<\/option><option value=\"7\" >7<\/option><option value=\"8 \" >8<\/option><option value=\"9 \" >9<\/option><option value=\"10 \" >10<\/option><option value=\"11 \" >11<\/option><option value=\"12 \" >12<\/option><\/select><\/div><div id=\"wpforms-38372-field_30-container\" class=\"wpforms-field wpforms-field-select wpforms-field-select-style-classic\" data-field-id=\"30\"><label class=\"wpforms-field-label\" for=\"wpforms-38372-field_30\">Vinculaci\u00f3n<\/label><select id=\"wpforms-38372-field_30\" class=\"wpforms-field-medium\" name=\"wpforms[fields][30]\"><option value=\"Particular\" >Particular<\/option><option value=\"Convenio Educativo\" >Convenio Educativo<\/option><option value=\"Convenio Empresarial\" >Convenio Empresarial<\/option><\/select><\/div><div id=\"wpforms-38372-field_32-container\" class=\"wpforms-field wpforms-field-select wpforms-field-select-style-classic\" data-field-id=\"32\"><label class=\"wpforms-field-label\" for=\"wpforms-38372-field_32\">Nivel a matricularme<\/label><select id=\"wpforms-38372-field_32\" class=\"wpforms-field-medium\" name=\"wpforms[fields][32]\"><option value=\"A1\" >A1<\/option><option value=\"A2\" >A2<\/option><option value=\"B1\" >B1<\/option><option value=\"B2\" >B2<\/option><option value=\"C1\" >C1<\/option><\/select><\/div><div id=\"wpforms-38372-field_28-container\" class=\"wpforms-field wpforms-field-radio\" data-field-id=\"28\"><fieldset><legend class=\"wpforms-field-label\">Estudiante<\/legend><ul id=\"wpforms-38372-field_28\"><li class=\"choice-1 depth-1\"><input type=\"radio\" id=\"wpforms-38372-field_28_1\" name=\"wpforms[fields][28]\" value=\"Nuevo\" aria-errormessage=\"wpforms-38372-field_28_1-error\"  ><label class=\"wpforms-field-label-inline\" for=\"wpforms-38372-field_28_1\">Nuevo<\/label><\/li><li class=\"choice-2 depth-1\"><input type=\"radio\" id=\"wpforms-38372-field_28_2\" name=\"wpforms[fields][28]\" value=\"Antiguo\" aria-errormessage=\"wpforms-38372-field_28_2-error\"  ><label class=\"wpforms-field-label-inline\" for=\"wpforms-38372-field_28_2\">Antiguo<\/label><\/li><\/ul><\/fieldset><\/div><div id=\"wpforms-38372-field_33-container\" class=\"wpforms-field wpforms-field-select wpforms-field-select-style-classic\" data-field-id=\"33\"><label class=\"wpforms-field-label\" for=\"wpforms-38372-field_33\">Ciclo<\/label><select id=\"wpforms-38372-field_33\" class=\"wpforms-field-medium\" name=\"wpforms[fields][33]\"><option value=\"Ciclo Preparatorio\" >Ciclo Preparatorio<\/option><option value=\"1\" >1<\/option><option value=\"2\" >2<\/option><\/select><\/div><div id=\"wpforms-38372-field_34-container\" class=\"wpforms-field wpforms-field-select wpforms-field-select-style-classic\" data-field-id=\"34\"><label class=\"wpforms-field-label\" for=\"wpforms-38372-field_34\">Forma de pago<\/label><select id=\"wpforms-38372-field_34\" class=\"wpforms-field-medium\" name=\"wpforms[fields][34]\"><option value=\"Transferencia Bancaria\" >Transferencia Bancaria<\/option><option value=\"Pago con Tarjeta Cr\u00e9dito\" >Pago con Tarjeta Cr\u00e9dito<\/option><option value=\"Pago con Tarjeta D\u00e9bito\" >Pago con Tarjeta D\u00e9bito<\/option><option value=\"Google Pay\" >Google Pay<\/option><option value=\"Amazon Pay\" >Amazon Pay<\/option><option value=\"Payoneer\" >Payoneer<\/option><option value=\"Paypal\" >Paypal<\/option><option value=\"Nequi\" >Nequi<\/option><\/select><\/div><div id=\"wpforms-38372-field_31-container\" class=\"wpforms-field wpforms-field-textarea\" data-field-id=\"31\"><label class=\"wpforms-field-label\" for=\"wpforms-38372-field_31\">D\u00e9janos un Mensaje<\/label><textarea id=\"wpforms-38372-field_31\" class=\"wpforms-field-medium\" name=\"wpforms[fields][31]\" aria-errormessage=\"wpforms-38372-field_31-error\" ><\/textarea><\/div><\/div><!-- .wpforms-field-container --><div class=\"wpforms-field wpforms-field-hp\"><label for=\"wpforms-38372-field-hp\" class=\"wpforms-field-label\">Website<\/label><input type=\"text\" name=\"wpforms[hp]\" id=\"wpforms-38372-field-hp\" class=\"wpforms-field-medium\"><\/div><div class=\"wpforms-submit-container\" ><input type=\"hidden\" name=\"wpforms[id]\" value=\"38372\"><input type=\"hidden\" name=\"page_title\" value=\"\"><input type=\"hidden\" name=\"page_url\" value=\"https:\/\/metacline.com\/index.php\/wp-json\/wp\/v2\/pages\/38138\"><input type=\"hidden\" name=\"url_referer\" value=\"\"><button type=\"submit\" name=\"wpforms[submit]\" id=\"wpforms-submit-38372\" class=\"wpforms-submit\" data-alt-text=\"Sending...\" data-submit-text=\"EMPEZAR &gt;&gt;\" aria-live=\"assertive\" value=\"wpforms-submit\">EMPEZAR &gt;&gt;<\/button><\/div><\/form><\/div>  <!-- .wpforms-container -->\t\t\t\t<\/div>\n\t\t\t\t<\/div>\n\t\t\t\t\t<\/div>\n\t\t<\/div>\n\t\t\t\t\t<\/div>\n\t\t<\/section>\n\t\t\t\t<\/div>\n\t\t","protected":false},"excerpt":{"rendered":"<p>Inscription Form Convenios Educativos Please enable JavaScript in your browser to complete this form.Please enable JavaScript in your browser to complete this form.Nombre Completo *Edad456789101112131415161718Mayor de18Acudiente Estudiantil (Si eres menor de edad)Email *Email secundario *N\u00famero de contacto WhatsAppPaisU.SEspa\u00f1aM\u00e9xicoPanam\u00e1ColombiaPer\u00faEcuadorArgentinaChileOtroCiudad Tipo de Instituci\u00f3n P\u00fablico Privada Otro ColegioMontessoryClaretianoAcac\u00edasHogar de Nazareth. TransferenciaContralor\u00edaA\u00f1o lectivoElemental \/ Primaria678 9 10 11 12 [&hellip;]<\/p>\n","protected":false},"author":1,"featured_media":0,"parent":0,"menu_order":0,"comment_status":"closed","ping_status":"closed","template":"","meta":{"content-type":"","site-sidebar-layout":"no-sidebar","site-content-layout":"page-builder","ast-site-content-layout":"","site-content-style":"default","site-sidebar-style":"default","ast-global-header-display":"","ast-banner-title-visibility":"","ast-main-header-display":"","ast-hfb-above-header-display":"","ast-hfb-below-header-display":"","ast-hfb-mobile-header-display":"","site-post-title":"disabled","ast-breadcrumbs-content":"","ast-featured-img":"disabled","footer-sml-layout":"","theme-transparent-header-meta":"default","adv-header-id-meta":"","stick-header-meta":"","header-above-stick-meta":"","header-main-stick-meta":"","header-below-stick-meta":"","astra-migrate-meta-layouts":"default","ast-page-background-enabled":"default","ast-page-background-meta":{"desktop":{"background-color":"","background-image":"","background-repeat":"repeat","background-position":"center center","background-size":"auto","background-attachment":"scroll","background-type":"","background-media":"","overlay-type":"","overlay-color":"","overlay-opacity":"","overlay-gradient":""},"tablet":{"background-color":"","background-image":"","background-repeat":"repeat","background-position":"center center","background-size":"auto","background-attachment":"scroll","background-type":"","background-media":"","overlay-type":"","overlay-color":"","overlay-opacity":"","overlay-gradient":""},"mobile":{"background-color":"","background-image":"","background-repeat":"repeat","background-position":"center center","background-size":"auto","background-attachment":"scroll","background-type":"","background-media":"","overlay-type":"","overlay-color":"","overlay-opacity":"","overlay-gradient":""}},"ast-content-background-meta":{"desktop":{"background-color":"var(--ast-global-color-5)","background-image":"","background-repeat":"repeat","background-position":"center center","background-size":"auto","background-attachment":"scroll","background-type":"","background-media":"","overlay-type":"","overlay-color":"","overlay-opacity":"","overlay-gradient":""},"tablet":{"background-color":"var(--ast-global-color-5)","background-image":"","background-repeat":"repeat","background-position":"center center","background-size":"auto","background-attachment":"scroll","background-type":"","background-media":"","overlay-type":"","overlay-color":"","overlay-opacity":"","overlay-gradient":""},"mobile":{"background-color":"var(--ast-global-color-5)","background-image":"","background-repeat":"repeat","background-position":"center center","background-size":"auto","background-attachment":"scroll","background-type":"","background-media":"","overlay-type":"","overlay-color":"","overlay-opacity":"","overlay-gradient":""}},"footnotes":""},"class_list":["post-38138","page","type-page","status-publish","hentry"],"aioseo_notices":[],"_links":{"self":[{"href":"https:\/\/metacline.com\/index.php\/wp-json\/wp\/v2\/pages\/38138","targetHints":{"allow":["GET"]}}],"collection":[{"href":"https:\/\/metacline.com\/index.php\/wp-json\/wp\/v2\/pages"}],"about":[{"href":"https:\/\/metacline.com\/index.php\/wp-json\/wp\/v2\/types\/page"}],"author":[{"embeddable":true,"href":"https:\/\/metacline.com\/index.php\/wp-json\/wp\/v2\/users\/1"}],"replies":[{"embeddable":true,"href":"https:\/\/metacline.com\/index.php\/wp-json\/wp\/v2\/comments?post=38138"}],"version-history":[{"count":55,"href":"https:\/\/metacline.com\/index.php\/wp-json\/wp\/v2\/pages\/38138\/revisions"}],"predecessor-version":[{"id":54526,"href":"https:\/\/metacline.com\/index.php\/wp-json\/wp\/v2\/pages\/38138\/revisions\/54526"}],"wp:attachment":[{"href":"https:\/\/metacline.com\/index.php\/wp-json\/wp\/v2\/media?parent=38138"}],"curies":[{"name":"wp","href":"https:\/\/api.w.org\/{rel}","templated":true}]}}