{"id":50003,"date":"2023-01-31T20:54:29","date_gmt":"2023-01-31T20:54:29","guid":{"rendered":"http:\/\/metacline.com\/?page_id=50003"},"modified":"2023-02-24T22:19:59","modified_gmt":"2023-02-24T22:19:59","slug":"survivor-program-structure","status":"publish","type":"page","link":"https:\/\/metacline.com\/index.php\/survivor-program-structure\/","title":{"rendered":"Survivor Program Structure"},"content":{"rendered":"\t\t<div data-elementor-type=\"wp-page\" data-elementor-id=\"50003\" class=\"elementor elementor-50003\">\n\t\t\t\t\t\t<section class=\"elementor-section elementor-top-section elementor-element elementor-element-4912fde3 elementor-section-boxed elementor-section-height-default elementor-section-height-default\" data-id=\"4912fde3\" data-element_type=\"section\" data-settings=\"{&quot;background_background&quot;:&quot;classic&quot;}\">\n\t\t\t\t\t\t\t<div class=\"elementor-background-overlay\"><\/div>\n\t\t\t\t\t\t\t<div class=\"elementor-container elementor-column-gap-no\">\n\t\t\t\t\t<div class=\"elementor-column elementor-col-25 elementor-top-column elementor-element elementor-element-3fc09d01\" data-id=\"3fc09d01\" data-element_type=\"column\">\n\t\t\t<div class=\"elementor-widget-wrap elementor-element-populated\">\n\t\t\t\t\t\t<div class=\"elementor-element elementor-element-24ccdc8 elementor-widget elementor-widget-spacer\" data-id=\"24ccdc8\" data-element_type=\"widget\" data-widget_type=\"spacer.default\">\n\t\t\t\t<div class=\"elementor-widget-container\">\n\t\t\t\t\t\t\t<div class=\"elementor-spacer\">\n\t\t\t<div class=\"elementor-spacer-inner\"><\/div>\n\t\t<\/div>\n\t\t\t\t\t\t<\/div>\n\t\t\t\t<\/div>\n\t\t\t\t<div class=\"elementor-element elementor-element-4da40eff elementor-widget elementor-widget-heading\" data-id=\"4da40eff\" data-element_type=\"widget\" data-widget_type=\"heading.default\">\n\t\t\t\t<div class=\"elementor-widget-container\">\n\t\t\t\t\t<h2 class=\"elementor-heading-title elementor-size-default\">Survivor<\/h2>\t\t\t\t<\/div>\n\t\t\t\t<\/div>\n\t\t\t\t<div class=\"elementor-element elementor-element-7d1025c9 elementor-widget elementor-widget-heading\" data-id=\"7d1025c9\" data-element_type=\"widget\" data-widget_type=\"heading.default\">\n\t\t\t\t<div class=\"elementor-widget-container\">\n\t\t\t\t\t<h2 class=\"elementor-heading-title elementor-size-default\">Program Structure<\/h2>\t\t\t\t<\/div>\n\t\t\t\t<\/div>\n\t\t\t\t\t<\/div>\n\t\t<\/div>\n\t\t\t\t<div class=\"elementor-column elementor-col-25 elementor-top-column elementor-element elementor-element-69e0194\" data-id=\"69e0194\" data-element_type=\"column\">\n\t\t\t<div class=\"elementor-widget-wrap\">\n\t\t\t\t\t\t\t<\/div>\n\t\t<\/div>\n\t\t\t\t<div class=\"elementor-column elementor-col-25 elementor-top-column elementor-element elementor-element-717a8d86\" data-id=\"717a8d86\" data-element_type=\"column\">\n\t\t\t<div class=\"elementor-widget-wrap elementor-element-populated\">\n\t\t\t\t\t\t<div class=\"elementor-element elementor-element-62e89ae8 elementor-widget elementor-widget-spacer\" data-id=\"62e89ae8\" data-element_type=\"widget\" data-widget_type=\"spacer.default\">\n\t\t\t\t<div class=\"elementor-widget-container\">\n\t\t\t\t\t\t\t<div class=\"elementor-spacer\">\n\t\t\t<div class=\"elementor-spacer-inner\"><\/div>\n\t\t<\/div>\n\t\t\t\t\t\t<\/div>\n\t\t\t\t<\/div>\n\t\t\t\t\t<\/div>\n\t\t<\/div>\n\t\t\t\t<div class=\"elementor-column elementor-col-25 elementor-top-column elementor-element elementor-element-3eb16ea2\" data-id=\"3eb16ea2\" data-element_type=\"column\">\n\t\t\t<div class=\"elementor-widget-wrap\">\n\t\t\t\t\t\t\t<\/div>\n\t\t<\/div>\n\t\t\t\t\t<\/div>\n\t\t<\/section>\n\t\t\t\t<section class=\"elementor-section elementor-top-section elementor-element elementor-element-feb0372 elementor-section-boxed elementor-section-height-default elementor-section-height-default\" data-id=\"feb0372\" data-element_type=\"section\">\n\t\t\t\t\t\t<div class=\"elementor-container elementor-column-gap-default\">\n\t\t\t\t\t<div class=\"elementor-column elementor-col-100 elementor-top-column elementor-element elementor-element-c73220d\" data-id=\"c73220d\" data-element_type=\"column\">\n\t\t\t<div class=\"elementor-widget-wrap elementor-element-populated\">\n\t\t\t\t\t\t<div class=\"elementor-element elementor-element-0aef552 elementor-widget elementor-widget-spacer\" data-id=\"0aef552\" data-element_type=\"widget\" data-widget_type=\"spacer.default\">\n\t\t\t\t<div class=\"elementor-widget-container\">\n\t\t\t\t\t\t\t<div class=\"elementor-spacer\">\n\t\t\t<div class=\"elementor-spacer-inner\"><\/div>\n\t\t<\/div>\n\t\t\t\t\t\t<\/div>\n\t\t\t\t<\/div>\n\t\t\t\t\t<\/div>\n\t\t<\/div>\n\t\t\t\t\t<\/div>\n\t\t<\/section>\n\t\t\t\t<section class=\"elementor-section elementor-top-section elementor-element elementor-element-2e0f9bdb elementor-section-boxed elementor-section-height-default elementor-section-height-default\" data-id=\"2e0f9bdb\" data-element_type=\"section\">\n\t\t\t\t\t\t<div class=\"elementor-container elementor-column-gap-default\">\n\t\t\t\t\t<div class=\"elementor-column elementor-col-100 elementor-top-column elementor-element elementor-element-4d81852d\" data-id=\"4d81852d\" data-element_type=\"column\">\n\t\t\t<div class=\"elementor-widget-wrap elementor-element-populated\">\n\t\t\t\t\t\t<div class=\"elementor-element elementor-element-1e72166e elementor-widget elementor-widget-spacer\" data-id=\"1e72166e\" data-element_type=\"widget\" data-widget_type=\"spacer.default\">\n\t\t\t\t<div class=\"elementor-widget-container\">\n\t\t\t\t\t\t\t<div class=\"elementor-spacer\">\n\t\t\t<div class=\"elementor-spacer-inner\"><\/div>\n\t\t<\/div>\n\t\t\t\t\t\t<\/div>\n\t\t\t\t<\/div>\n\t\t\t\t\t<\/div>\n\t\t<\/div>\n\t\t\t\t\t<\/div>\n\t\t<\/section>\n\t\t\t\t<section class=\"elementor-section elementor-top-section elementor-element elementor-element-39407514 elementor-section-boxed elementor-section-height-default elementor-section-height-default\" data-id=\"39407514\" data-element_type=\"section\">\n\t\t\t\t\t\t\t<div class=\"elementor-background-overlay\"><\/div>\n\t\t\t\t\t\t\t<div class=\"elementor-container elementor-column-gap-default\">\n\t\t\t\t\t<div class=\"elementor-column elementor-col-100 elementor-top-column elementor-element elementor-element-2372768b\" data-id=\"2372768b\" data-element_type=\"column\" data-settings=\"{&quot;background_background&quot;:&quot;gradient&quot;}\">\n\t\t\t<div class=\"elementor-widget-wrap elementor-element-populated\">\n\t\t\t\t\t<div class=\"elementor-background-overlay\"><\/div>\n\t\t\t\t\t\t<div class=\"elementor-element elementor-element-6b6a190b elementor-widget elementor-widget-heading\" data-id=\"6b6a190b\" data-element_type=\"widget\" data-widget_type=\"heading.default\">\n\t\t\t\t<div class=\"elementor-widget-container\">\n\t\t\t\t\t<h2 class=\"elementor-heading-title elementor-size-default\">Program Structure<\/h2>\t\t\t\t<\/div>\n\t\t\t\t<\/div>\n\t\t\t\t<div class=\"elementor-element elementor-element-29f47bfb elementor-widget elementor-widget-heading\" data-id=\"29f47bfb\" data-element_type=\"widget\" data-widget_type=\"heading.default\">\n\t\t\t\t<div class=\"elementor-widget-container\">\n\t\t\t\t\t<h6 class=\"elementor-heading-title elementor-size-default\">Estructura del Programa<\/h6>\t\t\t\t<\/div>\n\t\t\t\t<\/div>\n\t\t\t\t<div class=\"elementor-element elementor-element-4a89d178 elementor-widget elementor-widget-spacer\" data-id=\"4a89d178\" data-element_type=\"widget\" data-widget_type=\"spacer.default\">\n\t\t\t\t<div class=\"elementor-widget-container\">\n\t\t\t\t\t\t\t<div class=\"elementor-spacer\">\n\t\t\t<div class=\"elementor-spacer-inner\"><\/div>\n\t\t<\/div>\n\t\t\t\t\t\t<\/div>\n\t\t\t\t<\/div>\n\t\t\t\t<div class=\"elementor-element elementor-element-aad8564 elementor-widget elementor-widget-eael-adv-tabs\" data-id=\"aad8564\" data-element_type=\"widget\" data-widget_type=\"eael-adv-tabs.default\">\n\t\t\t\t<div class=\"elementor-widget-container\">\n\t\t\t\t\t        <div data-scroll-on-click=\"no\" data-scroll-speed=\"300\" id=\"eael-advance-tabs-aad8564\" class=\"eael-advance-tabs eael-tabs-vertical eael-tab-auto-active  active-caret-on responsive-vertical-layout\" data-tabid=\"aad8564\">\n            <div class=\"eael-tabs-nav \">\n                <ul class=\"eael-tab-inline-icon\" role=\"tablist\">\n                                            <li id=\"program\" class=\"inactive eael-tab-item-trigger eael-tab-nav-item\" aria-selected=\"true\" data-tab=\"1\" role=\"tab\" tabindex=\"0\" aria-controls=\"program-tab\" aria-expanded=\"false\">\n                            \n                                                                <i class=\"fab fa-trello\"><\/i>                                                            \n                                                            <span class=\"eael-tab-title title-after-icon\" >Program<\/span>                            \n                                                    <\/li>\n                                            <li id=\"duracin\" class=\"inactive eael-tab-item-trigger eael-tab-nav-item\" aria-selected=\"false\" data-tab=\"2\" role=\"tab\" tabindex=\"-1\" aria-controls=\"duracin-tab\" aria-expanded=\"false\">\n                            \n                                                                <i class=\"far fa-calendar-alt\"><\/i>                                                            \n                                                            <span class=\"eael-tab-title title-after-icon\" >Duraci\u00f3n<\/span>                            \n                                                    <\/li>\n                                            <li id=\"niveles\" class=\"inactive eael-tab-item-trigger eael-tab-nav-item\" aria-selected=\"false\" data-tab=\"3\" role=\"tab\" tabindex=\"-1\" aria-controls=\"niveles-tab\" aria-expanded=\"false\">\n                            \n                                                                <i class=\"fas fa-bacterium\"><\/i>                                                            \n                                                            <span class=\"eael-tab-title title-after-icon\" >Niveles<\/span>                            \n                                                    <\/li>\n                                            <li id=\"marco-ptimo-de-tiempo\" class=\"inactive eael-tab-item-trigger eael-tab-nav-item\" aria-selected=\"false\" data-tab=\"4\" role=\"tab\" tabindex=\"-1\" aria-controls=\"marco-ptimo-de-tiempo-tab\" aria-expanded=\"false\">\n                            \n                                                                <i class=\"fas fa-bacterium\"><\/i>                                                            \n                                                            <span class=\"eael-tab-title title-after-icon\" >Marco \u00f3ptimo de tiempo<\/span>                            \n                                                    <\/li>\n                                            <li id=\"correlacin-niveles-mcer\" class=\"inactive eael-tab-item-trigger eael-tab-nav-item\" aria-selected=\"false\" data-tab=\"5\" role=\"tab\" tabindex=\"-1\" aria-controls=\"correlacin-niveles-mcer-tab\" aria-expanded=\"false\">\n                            \n                                                                <i class=\"fab fa-delicious\"><\/i>                                                            \n                                                            <span class=\"eael-tab-title title-after-icon\" >Correlaci\u00f3n Niveles MCER<\/span>                            \n                                                    <\/li>\n                                            <li id=\"nivel-alcanzado\" class=\"inactive eael-tab-item-trigger eael-tab-nav-item\" aria-selected=\"false\" data-tab=\"6\" role=\"tab\" tabindex=\"-1\" aria-controls=\"nivel-alcanzado-tab\" aria-expanded=\"false\">\n                            \n                                                                <i class=\"fas fa-award\"><\/i>                                                            \n                                                            <span class=\"eael-tab-title title-after-icon\" >Nivel Alcanzado<\/span>                            \n                                                    <\/li>\n                                            <li id=\"enfoque\" class=\"inactive eael-tab-item-trigger eael-tab-nav-item\" aria-selected=\"false\" data-tab=\"7\" role=\"tab\" tabindex=\"-1\" aria-controls=\"enfoque-tab\" aria-expanded=\"false\">\n                            \n                                                                <i class=\"fab fa-rev\"><\/i>                                                            \n                                                            <span class=\"eael-tab-title title-after-icon\" >Enfoque<\/span>                            \n                                                    <\/li>\n                                            <li id=\"mdulos\" class=\"inactive eael-tab-item-trigger eael-tab-nav-item\" aria-selected=\"false\" data-tab=\"8\" role=\"tab\" tabindex=\"-1\" aria-controls=\"mdulos-tab\" aria-expanded=\"false\">\n                            \n                                                                <i class=\"fas fa-list\"><\/i>                                                            \n                                                            <span class=\"eael-tab-title title-after-icon\" >M\u00f3dulos<\/span>                            \n                                                    <\/li>\n                                            <li id=\"unidades\" class=\"inactive eael-tab-item-trigger eael-tab-nav-item\" aria-selected=\"false\" data-tab=\"9\" role=\"tab\" tabindex=\"-1\" aria-controls=\"unidades-tab\" aria-expanded=\"false\">\n                            \n                                                                <i class=\"fas fa-list-alt\"><\/i>                                                            \n                                                            <span class=\"eael-tab-title title-after-icon\" >Unidades<\/span>                            \n                                                    <\/li>\n                                            <li id=\"puntos-de-chequeo\" class=\"inactive eael-tab-item-trigger eael-tab-nav-item\" aria-selected=\"false\" data-tab=\"10\" role=\"tab\" tabindex=\"-1\" aria-controls=\"puntos-de-chequeo-tab\" aria-expanded=\"false\">\n                            \n                                                                <i class=\"fas fa-check-square\"><\/i>                                                            \n                                                            <span class=\"eael-tab-title title-after-icon\" >Puntos de Chequeo<\/span>                            \n                                                    <\/li>\n                                            <li id=\"acp-assertive-communicative-projects\" class=\"inactive eael-tab-item-trigger eael-tab-nav-item\" aria-selected=\"false\" data-tab=\"11\" role=\"tab\" tabindex=\"-1\" aria-controls=\"acp-assertive-communicative-projects-tab\" aria-expanded=\"false\">\n                            \n                                                                <i class=\"fas fa-vial\"><\/i>                                                            \n                                                            <span class=\"eael-tab-title title-after-icon\" >ACP &#8211; Assertive Communicative Projects<\/span>                            \n                                                    <\/li>\n                    \n                                  <\/ul>\n            <\/div>\n            \n            <div class=\"eael-tabs-content\">\n\t\t        \n                    <div id=\"program-tab\" class=\"clearfix eael-tab-content-item inactive\" data-title-link=\"program-tab\">\n\t\t\t\t        <p>Survivor<\/p>                    <\/div>\n\t\t        \n                    <div id=\"duracin-tab\" class=\"clearfix eael-tab-content-item inactive\" data-title-link=\"duracin-tab\">\n\t\t\t\t        <p>12 Meses<\/p>                    <\/div>\n\t\t        \n                    <div id=\"niveles-tab\" class=\"clearfix eael-tab-content-item inactive\" data-title-link=\"niveles-tab\">\n\t\t\t\t        <p>Nivel 1: Introducci\u00f3n<\/p><p>Nivel 2: Gram\u00e1tica Aplicada<\/p><p>Nivel 3: Vocabulario<span style=\"font-size: 16px\">\u00a0<\/span><\/p><p>Nivel 4: Alcance Comunicativo 1<\/p><p>Nivel 5: Alcance Comunicativo 2<\/p><p>Nivel 6: Alcance Comunicativo 3<\/p><p>Nivel 7: Complementario<\/p><p>Nivel 8: Espec\u00edfico<\/p>                    <\/div>\n\t\t        \n                    <div id=\"marco-ptimo-de-tiempo-tab\" class=\"clearfix eael-tab-content-item inactive\" data-title-link=\"marco-ptimo-de-tiempo-tab\">\n\t\t\t\t        <p>Nivel 1:\u00a0 \u00a0 \u00a0Introducci\u00f3n<\/p><p>Nivel 2:\u00a0 \u00a0 \u00a02 meses<\/p><p>\u00a0 \u00a0<strong> \u00a0Check Points:\u00a0 8\u00a0 \u00a0 \u00a0 ACP: 4<\/strong><\/p><p>Nivel 3:\u00a0 \u00a0 \u00a02 meses<\/p><p>\u00a0 \u00a0<strong> \u00a0Check Points:\u00a0 8\u00a0 \u00a0 \u00a0 ACP: 4<\/strong><\/p><p>Nivel 4:\u00a0 \u00a0 \u00a01 mes<\/p><p>\u00a0 <strong>\u00a0 \u00a0Check Points:\u00a0 4\u00a0 \u00a0 \u00a0 ACP: 2<\/strong><\/p><p>Nivel 5:\u00a0 \u00a0 \u00a02 meses<\/p><p><strong>\u00a0 \u00a0 \u00a0Check Points:\u00a0 8\u00a0 \u00a0 \u00a0 ACP: 4<\/strong><\/p><p>Nivel 6:\u00a0 \u00a0 \u00a02 meses\u00a0<\/p><p>\u00a0 \u00a0<strong> \u00a0Check Points:\u00a0 8\u00a0 \u00a0 \u00a0 ACP: 4<\/strong><\/p><p>Nivel 7:\u00a0 \u00a0 \u00a01 mes<\/p><p><strong>\u00a0 \u00a0 \u00a0Check Points:\u00a0 4\u00a0 \u00a0 \u00a0 ACP: 2<\/strong><\/p><p>Nivel 8:\u00a0 \u00a0 \u00a02 meses<\/p><p><strong>\u00a0 \u00a0 \u00a0Check Points:\u00a0 8\u00a0 \u00a0 \u00a0 ACP: 4<\/strong><\/p>                    <\/div>\n\t\t        \n                    <div id=\"correlacin-niveles-mcer-tab\" class=\"clearfix eael-tab-content-item inactive\" data-title-link=\"correlacin-niveles-mcer-tab\">\n\t\t\t\t        <p><strong>Metacline\u00a0 \u00a0 \u00a0 \u00a0 MCER<\/strong><\/p><p>Nivel 1\u00a0 \u00a0 \u00a0 \u00a0 \u00a0 \u00a0 Introducci\u00f3n<\/p><p>Nivel 2\u00a0 \u00a0 \u00a0 \u00a0 \u00a0 \u00a0 A1<\/p><p>Nivel 3:\u00a0 \u00a0 \u00a0 \u00a0 \u00a0 \u00a0A1<\/p><p>Nivel 4:\u00a0 \u00a0 \u00a0 \u00a0 \u00a0 \u00a0A2<\/p><p>Nivel 5:\u00a0 \u00a0 \u00a0 \u00a0 \u00a0 \u00a0B1<\/p><p>Nivel 6:\u00a0 \u00a0 \u00a0 \u00a0 \u00a0 \u00a0 \u00a0+B1<\/p><p>Nivel 7:\u00a0 \u00a0 \u00a0 \u00a0 \u00a0 \u00a0B2<\/p><p>Nivel 8:\u00a0 \u00a0 \u00a0 \u00a0 \u00a0 \u00a0 \u00a0+B2<\/p>                    <\/div>\n\t\t        \n                    <div id=\"nivel-alcanzado-tab\" class=\"clearfix eael-tab-content-item inactive\" data-title-link=\"nivel-alcanzado-tab\">\n\t\t\t\t        <p>B2+<\/p>                    <\/div>\n\t\t        \n                    <div id=\"enfoque-tab\" class=\"clearfix eael-tab-content-item inactive\" data-title-link=\"enfoque-tab\">\n\t\t\t\t        <p>Nivel 1: Introductorio<\/p><p>Nivel 2: Estructuras Gramaticales<\/p><p>Nivel 3: Desarrollo Conceptual<\/p><p>Nivel 4: Comunicaci\u00f3n Asertiva 1<\/p><p>Nivel 5: Comunicaci\u00f3n Asertiva 2<\/p><p>Nivel 6: Comunicaci\u00f3n Asertiva 3<\/p><p>Nivel 7: Complementario<\/p><p>Nivel 8: \u00c1reas Espec\u00edficas.<\/p>                    <\/div>\n\t\t        \n                    <div id=\"mdulos-tab\" class=\"clearfix eael-tab-content-item inactive\" data-title-link=\"mdulos-tab\">\n\t\t\t\t        <p>20 M\u00f3dulos<\/p>                    <\/div>\n\t\t        \n                    <div id=\"unidades-tab\" class=\"clearfix eael-tab-content-item inactive\" data-title-link=\"unidades-tab\">\n\t\t\t\t        <p>77 Unidades<\/p>                    <\/div>\n\t\t        \n                    <div id=\"puntos-de-chequeo-tab\" class=\"clearfix eael-tab-content-item inactive\" data-title-link=\"puntos-de-chequeo-tab\">\n\t\t\t\t        <p>48 Puntos de Chequeo<\/p>                    <\/div>\n\t\t        \n                    <div id=\"acp-assertive-communicative-projects-tab\" class=\"clearfix eael-tab-content-item inactive\" data-title-link=\"acp-assertive-communicative-projects-tab\">\n\t\t\t\t        <p>24 Proyectos de Comunicaci\u00f3n Asertiva<\/p>                    <\/div>\n\t\t                    <\/div>\n        <\/div>\n\t\t\t\t<\/div>\n\t\t\t\t<\/div>\n\t\t\t\t<div class=\"elementor-element elementor-element-5d222dff elementor-widget elementor-widget-spacer\" data-id=\"5d222dff\" data-element_type=\"widget\" data-widget_type=\"spacer.default\">\n\t\t\t\t<div class=\"elementor-widget-container\">\n\t\t\t\t\t\t\t<div class=\"elementor-spacer\">\n\t\t\t<div class=\"elementor-spacer-inner\"><\/div>\n\t\t<\/div>\n\t\t\t\t\t\t<\/div>\n\t\t\t\t<\/div>\n\t\t\t\t\t<\/div>\n\t\t<\/div>\n\t\t\t\t\t<\/div>\n\t\t<\/section>\n\t\t\t\t<section class=\"elementor-section elementor-top-section elementor-element elementor-element-7ab55be elementor-section-boxed elementor-section-height-default elementor-section-height-default\" data-id=\"7ab55be\" data-element_type=\"section\">\n\t\t\t\t\t\t<div class=\"elementor-container elementor-column-gap-default\">\n\t\t\t\t\t<div class=\"elementor-column elementor-col-100 elementor-top-column elementor-element elementor-element-42e5aee\" data-id=\"42e5aee\" data-element_type=\"column\">\n\t\t\t<div class=\"elementor-widget-wrap elementor-element-populated\">\n\t\t\t\t\t\t<div class=\"elementor-element elementor-element-e0d037c elementor-widget elementor-widget-spacer\" data-id=\"e0d037c\" data-element_type=\"widget\" data-widget_type=\"spacer.default\">\n\t\t\t\t<div class=\"elementor-widget-container\">\n\t\t\t\t\t\t\t<div class=\"elementor-spacer\">\n\t\t\t<div class=\"elementor-spacer-inner\"><\/div>\n\t\t<\/div>\n\t\t\t\t\t\t<\/div>\n\t\t\t\t<\/div>\n\t\t\t\t\t<\/div>\n\t\t<\/div>\n\t\t\t\t\t<\/div>\n\t\t<\/section>\n\t\t\t\t<\/div>\n\t\t","protected":false},"excerpt":{"rendered":"<p>Survivor Program Structure Program Structure Estructura del Programa Program Duraci\u00f3n Niveles Marco \u00f3ptimo de tiempo Correlaci\u00f3n Niveles MCER Nivel Alcanzado Enfoque M\u00f3dulos Unidades Puntos de Chequeo ACP &#8211; Assertive Communicative Projects Survivor 12 Meses Nivel 1: Introducci\u00f3n Nivel 2: Gram\u00e1tica Aplicada Nivel 3: Vocabulario\u00a0 Nivel 4: Alcance Comunicativo 1 Nivel 5: Alcance Comunicativo 2 Nivel [&hellip;]<\/p>\n","protected":false},"author":1,"featured_media":0,"parent":0,"menu_order":0,"comment_status":"closed","ping_status":"closed","template":"","meta":{"content-type":"","site-sidebar-layout":"no-sidebar","site-content-layout":"page-builder","ast-site-content-layout":"","site-content-style":"default","site-sidebar-style":"default","ast-global-header-display":"","ast-banner-title-visibility":"","ast-main-header-display":"","ast-hfb-above-header-display":"","ast-hfb-below-header-display":"","ast-hfb-mobile-header-display":"","site-post-title":"disabled","ast-breadcrumbs-content":"","ast-featured-img":"disabled","footer-sml-layout":"","theme-transparent-header-meta":"default","adv-header-id-meta":"","stick-header-meta":"","header-above-stick-meta":"","header-main-stick-meta":"","header-below-stick-meta":"","astra-migrate-meta-layouts":"default","ast-page-background-enabled":"default","ast-page-background-meta":{"desktop":{"background-color":"","background-image":"","background-repeat":"repeat","background-position":"center center","background-size":"auto","background-attachment":"scroll","background-type":"","background-media":"","overlay-type":"","overlay-color":"","overlay-opacity":"","overlay-gradient":""},"tablet":{"background-color":"","background-image":"","background-repeat":"repeat","background-position":"center center","background-size":"auto","background-attachment":"scroll","background-type":"","background-media":"","overlay-type":"","overlay-color":"","overlay-opacity":"","overlay-gradient":""},"mobile":{"background-color":"","background-image":"","background-repeat":"repeat","background-position":"center center","background-size":"auto","background-attachment":"scroll","background-type":"","background-media":"","overlay-type":"","overlay-color":"","overlay-opacity":"","overlay-gradient":""}},"ast-content-background-meta":{"desktop":{"background-color":"var(--ast-global-color-5)","background-image":"","background-repeat":"repeat","background-position":"center center","background-size":"auto","background-attachment":"scroll","background-type":"","background-media":"","overlay-type":"","overlay-color":"","overlay-opacity":"","overlay-gradient":""},"tablet":{"background-color":"var(--ast-global-color-5)","background-image":"","background-repeat":"repeat","background-position":"center center","background-size":"auto","background-attachment":"scroll","background-type":"","background-media":"","overlay-type":"","overlay-color":"","overlay-opacity":"","overlay-gradient":""},"mobile":{"background-color":"var(--ast-global-color-5)","background-image":"","background-repeat":"repeat","background-position":"center center","background-size":"auto","background-attachment":"scroll","background-type":"","background-media":"","overlay-type":"","overlay-color":"","overlay-opacity":"","overlay-gradient":""}},"footnotes":""},"class_list":["post-50003","page","type-page","status-publish","hentry"],"aioseo_notices":[],"_links":{"self":[{"href":"https:\/\/metacline.com\/index.php\/wp-json\/wp\/v2\/pages\/50003","targetHints":{"allow":["GET"]}}],"collection":[{"href":"https:\/\/metacline.com\/index.php\/wp-json\/wp\/v2\/pages"}],"about":[{"href":"https:\/\/metacline.com\/index.php\/wp-json\/wp\/v2\/types\/page"}],"author":[{"embeddable":true,"href":"https:\/\/metacline.com\/index.php\/wp-json\/wp\/v2\/users\/1"}],"replies":[{"embeddable":true,"href":"https:\/\/metacline.com\/index.php\/wp-json\/wp\/v2\/comments?post=50003"}],"version-history":[{"count":34,"href":"https:\/\/metacline.com\/index.php\/wp-json\/wp\/v2\/pages\/50003\/revisions"}],"predecessor-version":[{"id":51884,"href":"https:\/\/metacline.com\/index.php\/wp-json\/wp\/v2\/pages\/50003\/revisions\/51884"}],"wp:attachment":[{"href":"https:\/\/metacline.com\/index.php\/wp-json\/wp\/v2\/media?parent=50003"}],"curies":[{"name":"wp","href":"https:\/\/api.w.org\/{rel}","templated":true}]}}